{"id":890,"date":"2023-08-14T19:10:30","date_gmt":"2023-08-14T19:10:30","guid":{"rendered":"https:\/\/arsap.com.do\/?page_id=890"},"modified":"2024-10-10T13:38:54","modified_gmt":"2024-10-10T13:38:54","slug":"contacto","status":"publish","type":"page","link":"https:\/\/arsap.com.do\/en\/contacto\/","title":{"rendered":"Contact"},"content":{"rendered":"\t\t<div data-elementor-type=\"wp-page\" data-elementor-id=\"890\" class=\"elementor elementor-890\" data-elementor-post-type=\"page\">\n\t\t\t\t<div class=\"elementor-element elementor-element-32daf16 e-flex e-con-boxed e-con e-parent\" data-id=\"32daf16\" data-element_type=\"container\" data-e-type=\"container\" data-settings=\"{&quot;background_background&quot;:&quot;classic&quot;}\">\n\t\t\t\t\t<div class=\"e-con-inner\">\n\t\t<div class=\"elementor-element elementor-element-ff5b6ca e-con-full e-flex e-con e-child\" data-id=\"ff5b6ca\" data-element_type=\"container\" data-e-type=\"container\">\n\t\t\t\t<div class=\"elementor-element elementor-element-5a90b2f elementor-widget elementor-widget-heading\" data-id=\"5a90b2f\" data-element_type=\"widget\" data-e-type=\"widget\" data-widget_type=\"heading.default\">\n\t\t\t\t<div class=\"elementor-widget-container\">\n\t\t\t\t\t<h2 class=\"elementor-heading-title elementor-size-default\">Cont\u00e1ctanos<\/h2>\t\t\t\t<\/div>\n\t\t\t\t<\/div>\n\t\t\t\t<\/div>\n\t\t\t\t\t<\/div>\n\t\t\t\t<\/div>\n\t\t<div class=\"elementor-element elementor-element-844aa9a e-flex e-con-boxed e-con e-parent\" data-id=\"844aa9a\" data-element_type=\"container\" data-e-type=\"container\">\n\t\t\t\t\t<div class=\"e-con-inner\">\n\t\t\t\t<div class=\"elementor-element elementor-element-a35b34b elementor-widget elementor-widget-heading\" data-id=\"a35b34b\" data-element_type=\"widget\" data-e-type=\"widget\" data-widget_type=\"heading.default\">\n\t\t\t\t<div class=\"elementor-widget-container\">\n\t\t\t\t\t<h2 class=\"elementor-heading-title elementor-size-default\">A tu servicio <br> <span class=\"mb2\">Con\u00e9ctate con nosotros<\/span><\/h2>\t\t\t\t<\/div>\n\t\t\t\t<\/div>\n\t\t<div class=\"elementor-element elementor-element-5eabd5b e-con-full e-flex e-con e-child\" data-id=\"5eabd5b\" data-element_type=\"container\" data-e-type=\"container\">\n\t\t<div class=\"elementor-element elementor-element-35c4669 e-flex e-con-boxed e-con e-child\" data-id=\"35c4669\" data-element_type=\"container\" data-e-type=\"container\" data-settings=\"{&quot;background_background&quot;:&quot;classic&quot;}\">\n\t\t\t\t\t<div class=\"e-con-inner\">\n\t\t\t\t<div class=\"elementor-element elementor-element-df567c1 elementor-absolute elementor-widget elementor-widget-image\" data-id=\"df567c1\" data-element_type=\"widget\" data-e-type=\"widget\" data-settings=\"{&quot;_position&quot;:&quot;absolute&quot;}\" data-widget_type=\"image.default\">\n\t\t\t\t<div class=\"elementor-widget-container\">\n\t\t\t\t\t\t\t\t\t\t\t\t\t\t\t<img decoding=\"async\" width=\"110\" height=\"69\" src=\"https:\/\/arsap.com.do\/wp-content\/uploads\/red-helo.webp\" class=\"attachment-full size-full wp-image-897\" alt=\"\" srcset=\"https:\/\/arsap.com.do\/wp-content\/uploads\/red-helo.webp 110w, https:\/\/arsap.com.do\/wp-content\/uploads\/red-helo-18x12.webp 18w\" sizes=\"(max-width: 110px) 100vw, 110px\" \/>\t\t\t\t\t\t\t\t\t\t\t\t\t\t\t<\/div>\n\t\t\t\t<\/div>\n\t\t\t\t<div class=\"elementor-element elementor-element-dae204b elementor-widget__width-initial elementor-widget elementor-widget-heading\" data-id=\"dae204b\" data-element_type=\"widget\" data-e-type=\"widget\" data-widget_type=\"heading.default\">\n\t\t\t\t<div class=\"elementor-widget-container\">\n\t\t\t\t\t<h4 class=\"elementor-heading-title elementor-size-default\">Nosotros<\/h4>\t\t\t\t<\/div>\n\t\t\t\t<\/div>\n\t\t\t\t<div class=\"elementor-element elementor-element-5affa4c elementor-widget elementor-widget-heading\" data-id=\"5affa4c\" data-element_type=\"widget\" data-e-type=\"widget\" data-widget_type=\"heading.default\">\n\t\t\t\t<div class=\"elementor-widget-container\">\n\t\t\t\t\t<h2 class=\"elementor-heading-title elementor-size-default\">Libertad y el lujo en cada elevaci\u00f3n con nuestro servicio de alquiler de helic\u00f3pteros<\/h2>\t\t\t\t<\/div>\n\t\t\t\t<\/div>\n\t\t\t\t\t<\/div>\n\t\t\t\t<\/div>\n\t\t<div class=\"elementor-element elementor-element-52062f6 e-flex e-con-boxed e-con e-child\" data-id=\"52062f6\" data-element_type=\"container\" data-e-type=\"container\" data-settings=\"{&quot;background_background&quot;:&quot;classic&quot;}\">\n\t\t\t\t\t<div class=\"e-con-inner\">\n\t\t\t\t<div class=\"elementor-element elementor-element-7979360 elementor-widget__width-initial elementor-widget elementor-widget-heading\" data-id=\"7979360\" data-element_type=\"widget\" data-e-type=\"widget\" data-widget_type=\"heading.default\">\n\t\t\t\t<div class=\"elementor-widget-container\">\n\t\t\t\t\t<h4 class=\"elementor-heading-title elementor-size-default\">Escr\u00edbenos<\/h4>\t\t\t\t<\/div>\n\t\t\t\t<\/div>\n\t\t\t\t<div class=\"elementor-element elementor-element-b3c3f13 elementor-widget elementor-widget-heading\" data-id=\"b3c3f13\" data-element_type=\"widget\" data-e-type=\"widget\" data-widget_type=\"heading.default\">\n\t\t\t\t<div class=\"elementor-widget-container\">\n\t\t\t\t\t<h2 class=\"elementor-heading-title elementor-size-default\"><a href=\"#\">Reservas: <br>\nreservas@arsap.com.do<\/a><\/h2>\t\t\t\t<\/div>\n\t\t\t\t<\/div>\n\t\t\t\t<div class=\"elementor-element elementor-element-fa7084e elementor-widget elementor-widget-heading\" data-id=\"fa7084e\" data-element_type=\"widget\" data-e-type=\"widget\" data-widget_type=\"heading.default\">\n\t\t\t\t<div class=\"elementor-widget-container\">\n\t\t\t\t\t<h2 class=\"elementor-heading-title elementor-size-default\"><a href=\"#\">Mantenimiento: mantenimiento@arsap.com.do<\/a><\/h2>\t\t\t\t<\/div>\n\t\t\t\t<\/div>\n\t\t\t\t<div class=\"elementor-element elementor-element-c9124e0 elementor-widget__width-initial elementor-absolute elementor-widget elementor-widget-image\" data-id=\"c9124e0\" data-element_type=\"widget\" data-e-type=\"widget\" data-settings=\"{&quot;_position&quot;:&quot;absolute&quot;}\" data-widget_type=\"image.default\">\n\t\t\t\t<div class=\"elementor-widget-container\">\n\t\t\t\t\t\t\t\t\t\t\t\t\t\t\t<img decoding=\"async\" width=\"98\" height=\"69\" src=\"https:\/\/arsap.com.do\/wp-content\/uploads\/red-email.webp\" class=\"attachment-full size-full wp-image-896\" alt=\"\" srcset=\"https:\/\/arsap.com.do\/wp-content\/uploads\/red-email.webp 98w, https:\/\/arsap.com.do\/wp-content\/uploads\/red-email-18x12.webp 18w\" sizes=\"(max-width: 98px) 100vw, 98px\" \/>\t\t\t\t\t\t\t\t\t\t\t\t\t\t\t<\/div>\n\t\t\t\t<\/div>\n\t\t\t\t\t<\/div>\n\t\t\t\t<\/div>\n\t\t<div class=\"elementor-element elementor-element-6a9ac65 e-flex e-con-boxed e-con e-child\" data-id=\"6a9ac65\" data-element_type=\"container\" data-e-type=\"container\" data-settings=\"{&quot;background_background&quot;:&quot;classic&quot;}\">\n\t\t\t\t\t<div class=\"e-con-inner\">\n\t\t\t\t<div class=\"elementor-element elementor-element-1a3ffb0 elementor-widget__width-initial elementor-widget elementor-widget-heading\" data-id=\"1a3ffb0\" data-element_type=\"widget\" data-e-type=\"widget\" data-widget_type=\"heading.default\">\n\t\t\t\t<div class=\"elementor-widget-container\">\n\t\t\t\t\t<h4 class=\"elementor-heading-title elementor-size-default\">Ll\u00e1manos<\/h4>\t\t\t\t<\/div>\n\t\t\t\t<\/div>\n\t\t\t\t<div class=\"elementor-element elementor-element-e8a5b13 elementor-widget elementor-widget-heading\" data-id=\"e8a5b13\" data-element_type=\"widget\" data-e-type=\"widget\" data-widget_type=\"heading.default\">\n\t\t\t\t<div class=\"elementor-widget-container\">\n\t\t\t\t\t<h2 class=\"elementor-heading-title elementor-size-default\"><a href=\"#\">809 826 4080<\/a><\/h2>\t\t\t\t<\/div>\n\t\t\t\t<\/div>\n\t\t\t\t<div class=\"elementor-element elementor-element-98c35cd elementor-absolute elementor-widget elementor-widget-image\" data-id=\"98c35cd\" data-element_type=\"widget\" data-e-type=\"widget\" data-settings=\"{&quot;_position&quot;:&quot;absolute&quot;}\" data-widget_type=\"image.default\">\n\t\t\t\t<div class=\"elementor-widget-container\">\n\t\t\t\t\t\t\t\t\t\t\t\t\t\t\t<img decoding=\"async\" width=\"80\" height=\"81\" src=\"https:\/\/arsap.com.do\/wp-content\/uploads\/red-phone.webp\" class=\"attachment-full size-full wp-image-898\" alt=\"\" srcset=\"https:\/\/arsap.com.do\/wp-content\/uploads\/red-phone.webp 80w, https:\/\/arsap.com.do\/wp-content\/uploads\/red-phone-12x12.webp 12w\" sizes=\"(max-width: 80px) 100vw, 80px\" \/>\t\t\t\t\t\t\t\t\t\t\t\t\t\t\t<\/div>\n\t\t\t\t<\/div>\n\t\t\t\t\t<\/div>\n\t\t\t\t<\/div>\n\t\t\t\t<\/div>\n\t\t<div class=\"elementor-element elementor-element-089c9dd e-flex e-con-boxed e-con e-child\" data-id=\"089c9dd\" data-element_type=\"container\" data-e-type=\"container\" data-settings=\"{&quot;background_background&quot;:&quot;classic&quot;}\">\n\t\t\t\t\t<div class=\"e-con-inner\">\n\t\t<div class=\"elementor-element elementor-element-ad7f651 e-con-full e-flex e-con e-child\" data-id=\"ad7f651\" data-element_type=\"container\" data-e-type=\"container\" data-settings=\"{&quot;background_background&quot;:&quot;classic&quot;}\">\n\t\t\t\t<div class=\"elementor-element elementor-element-8d5816e elementor-button-align-stretch elementor-widget elementor-widget-form\" data-id=\"8d5816e\" data-element_type=\"widget\" data-e-type=\"widget\" data-settings=\"{&quot;step_next_label&quot;:&quot;Next&quot;,&quot;step_previous_label&quot;:&quot;Previous&quot;,&quot;button_width&quot;:&quot;100&quot;,&quot;step_type&quot;:&quot;number_text&quot;,&quot;step_icon_shape&quot;:&quot;circle&quot;}\" data-widget_type=\"form.default\">\n\t\t\t\t<div class=\"elementor-widget-container\">\n\t\t\t\t\t\t\t<form class=\"elementor-form\" method=\"post\" name=\"New Form\">\n\t\t\t<input type=\"hidden\" name=\"post_id\" value=\"890\"\/>\n\t\t\t<input type=\"hidden\" name=\"form_id\" value=\"8d5816e\"\/>\n\t\t\t<input type=\"hidden\" name=\"referer_title\" value=\"Cont\u00e1ctenos - ARSAP\" \/>\n\n\t\t\t\t\t\t\t<input type=\"hidden\" name=\"queried_id\" value=\"890\"\/>\n\t\t\t\n\t\t\t<div class=\"elementor-form-fields-wrapper elementor-labels-\">\n\t\t\t\t\t\t\t\t<div class=\"elementor-field-type-text elementor-field-group elementor-column elementor-field-group-name elementor-col-40 elementor-field-required\">\n\t\t\t\t\t\t\t\t\t\t\t\t<label for=\"form-field-name\" class=\"elementor-field-label elementor-screen-only\">\n\t\t\t\t\t\t\t\tName\t\t\t\t\t\t\t<\/label>\n\t\t\t\t\t\t\t\t\t\t\t\t\t\t<input size=\"1\" type=\"text\" name=\"form_fields[name]\" id=\"form-field-name\" class=\"elementor-field elementor-size-sm  elementor-field-textual\" placeholder=\"Nombre\" required=\"required\">\n\t\t\t\t\t\t\t\t\t\t\t<\/div>\n\t\t\t\t\t\t\t\t<div class=\"elementor-field-type-email elementor-field-group elementor-column elementor-field-group-email elementor-col-40 elementor-field-required\">\n\t\t\t\t\t\t\t\t\t\t\t\t<label for=\"form-field-email\" class=\"elementor-field-label elementor-screen-only\">\n\t\t\t\t\t\t\t\tEmail\t\t\t\t\t\t\t<\/label>\n\t\t\t\t\t\t\t\t\t\t\t\t\t\t<input size=\"1\" type=\"email\" name=\"form_fields[email]\" id=\"form-field-email\" class=\"elementor-field elementor-size-sm  elementor-field-textual\" placeholder=\"Email address\" required=\"required\">\n\t\t\t\t\t\t\t\t\t\t\t<\/div>\n\t\t\t\t\t\t\t\t<div class=\"elementor-field-type-tel elementor-field-group elementor-column elementor-field-group-phone elementor-col-40\">\n\t\t\t\t\t\t\t\t\t\t\t\t<label for=\"form-field-phone\" class=\"elementor-field-label elementor-screen-only\">\n\t\t\t\t\t\t\t\tPhone\t\t\t\t\t\t\t<\/label>\n\t\t\t\t\t\t\t\t<input size=\"1\" type=\"tel\" name=\"form_fields[phone]\" id=\"form-field-phone\" class=\"elementor-field elementor-size-sm  elementor-field-textual\" placeholder=\"Phone number\" pattern=\"[0-9()#&amp;+*-=.]+\" title=\"Only numbers and phone characters (#, -, *, etc) are accepted.\">\n\n\t\t\t\t\t\t<\/div>\n\t\t\t\t\t\t\t\t<div class=\"elementor-field-type-text elementor-field-group elementor-column elementor-field-group-subject elementor-col-40\">\n\t\t\t\t\t\t\t\t\t\t\t\t<label for=\"form-field-subject\" class=\"elementor-field-label elementor-screen-only\">\n\t\t\t\t\t\t\t\tSubject\t\t\t\t\t\t\t<\/label>\n\t\t\t\t\t\t\t\t\t\t\t\t\t\t<input size=\"1\" type=\"text\" name=\"form_fields[subject]\" id=\"form-field-subject\" class=\"elementor-field elementor-size-sm  elementor-field-textual\" placeholder=\"Subject\">\n\t\t\t\t\t\t\t\t\t\t\t<\/div>\n\t\t\t\t\t\t\t\t<div class=\"elementor-field-type-textarea elementor-field-group elementor-column elementor-field-group-message elementor-col-80\">\n\t\t\t\t\t\t\t\t\t\t\t\t<label for=\"form-field-message\" class=\"elementor-field-label elementor-screen-only\">\n\t\t\t\t\t\t\t\tMessage\t\t\t\t\t\t\t<\/label>\n\t\t\t\t\t\t<textarea class=\"elementor-field-textual elementor-field  elementor-size-sm\" name=\"form_fields[message]\" id=\"form-field-message\" rows=\"6\" placeholder=\"Write message\"><\/textarea>\t\t\t\t<\/div>\n\t\t\t\t\t\t\t\t<div class=\"elementor-field-type-recaptcha elementor-field-group elementor-column elementor-field-group-field_ddcef03 elementor-col-100\">\n\t\t\t\t\t<div class=\"elementor-field\" id=\"form-field-field_ddcef03\"><div class=\"elementor-g-recaptcha\" data-sitekey=\"6LeKmF0qAAAAAAz2sohl75ipVM-7PH9LBSlX8Vit\" data-type=\"v2_checkbox\" data-theme=\"light\" data-size=\"normal\"><\/div><\/div>\t\t\t\t<\/div>\n\t\t\t\t\t\t\t\t<div class=\"elementor-field-group elementor-column elementor-field-type-submit elementor-col-100 e-form__buttons\">\n\t\t\t\t\t<button class=\"elementor-button elementor-size-sm\" type=\"submit\">\n\t\t\t\t\t\t<span class=\"elementor-button-content-wrapper\">\n\t\t\t\t\t\t\t\t\t\t\t\t\t\t\t\t\t\t\t\t\t\t<span class=\"elementor-button-text\">Enviar mensaje<\/span>\n\t\t\t\t\t\t\t\t\t\t\t\t\t<\/span>\n\t\t\t\t\t<\/button>\n\t\t\t\t<\/div>\n\t\t\t<\/div>\n\t\t<\/form>\n\t\t\t\t\t\t<\/div>\n\t\t\t\t<\/div>\n\t\t\t\t<\/div>\n\t\t\t\t\t<\/div>\n\t\t\t\t<\/div>\n\t\t\t\t\t<\/div>\n\t\t\t\t<\/div>\n\t\t\t\t<\/div>\n\t\t","protected":false},"excerpt":{"rendered":"<p>Cont\u00e1ctanos A tu servicio Con\u00e9ctate con nosotros Nosotros Libertad y el lujo en cada elevaci\u00f3n con nuestro servicio de alquiler de helic\u00f3pteros Escr\u00edbenos Reservas: reservas@arsap.com.do Mantenimiento: mantenimiento@arsap.com.do Ll\u00e1manos 809 826 4080<\/p>","protected":false},"author":2,"featured_media":0,"parent":0,"menu_order":0,"comment_status":"closed","ping_status":"closed","template":"","meta":{"_acf_changed":false,"site-sidebar-layout":"no-sidebar","site-content-layout":"page-builder","ast-site-content-layout":"full-width-container","site-content-style":"unboxed","site-sidebar-style":"unboxed","ast-global-header-display":"","ast-banner-title-visibility":"","ast-main-header-display":"","ast-hfb-above-header-display":"","ast-hfb-below-header-display":"","ast-hfb-mobile-header-display":"","site-post-title":"disabled","ast-breadcrumbs-content":"","ast-featured-img":"disabled","footer-sml-layout":"","theme-transparent-header-meta":"default","adv-header-id-meta":"","stick-header-meta":"","header-above-stick-meta":"","header-main-stick-meta":"","header-below-stick-meta":"","astra-migrate-meta-layouts":"set","ast-page-background-enabled":"default","ast-page-background-meta":{"desktop":{"background-color":"","background-image":"","background-repeat":"repeat","background-position":"center center","background-size":"auto","background-attachment":"scroll","background-type":"","background-media":"","overlay-type":"","overlay-color":"","overlay-opacity":"","overlay-gradient":""},"tablet":{"background-color":"","background-image":"","background-repeat":"repeat","background-position":"center center","background-size":"auto","background-attachment":"scroll","background-type":"","background-media":"","overlay-type":"","overlay-color":"","overlay-opacity":"","overlay-gradient":""},"mobile":{"background-color":"","background-image":"","background-repeat":"repeat","background-position":"center center","background-size":"auto","background-attachment":"scroll","background-type":"","background-media":"","overlay-type":"","overlay-color":"","overlay-opacity":"","overlay-gradient":""}},"ast-content-background-meta":{"desktop":{"background-color":"var(--ast-global-color-5)","background-image":"","background-repeat":"repeat","background-position":"center center","background-size":"auto","background-attachment":"scroll","background-type":"","background-media":"","overlay-type":"","overlay-color":"","overlay-opacity":"","overlay-gradient":""},"tablet":{"background-color":"var(--ast-global-color-5)","background-image":"","background-repeat":"repeat","background-position":"center center","background-size":"auto","background-attachment":"scroll","background-type":"","background-media":"","overlay-type":"","overlay-color":"","overlay-opacity":"","overlay-gradient":""},"mobile":{"background-color":"var(--ast-global-color-5)","background-image":"","background-repeat":"repeat","background-position":"center center","background-size":"auto","background-attachment":"scroll","background-type":"","background-media":"","overlay-type":"","overlay-color":"","overlay-opacity":"","overlay-gradient":""}},"footnotes":""},"class_list":["post-890","page","type-page","status-publish","hentry"],"acf":[],"yoast_head":"<!-- This site is optimized with the Yoast SEO plugin v25.6 - https:\/\/yoast.com\/wordpress\/plugins\/seo\/ -->\n<title>Cont\u00e1ctenos - ARSAP<\/title>\n<meta name=\"robots\" content=\"index, follow, max-snippet:-1, max-image-preview:large, max-video-preview:-1\" \/>\n<link rel=\"canonical\" href=\"https:\/\/arsap.com.do\/en\/contacto\/\" \/>\n<meta property=\"og:locale\" content=\"en_US\" \/>\n<meta property=\"og:type\" content=\"article\" \/>\n<meta property=\"og:title\" content=\"Cont\u00e1ctenos - ARSAP\" \/>\n<meta property=\"og:description\" content=\"Cont\u00e1ctanos A tu servicio Con\u00e9ctate con nosotros Nosotros Libertad y el lujo en cada elevaci\u00f3n con nuestro servicio de alquiler de helic\u00f3pteros Escr\u00edbenos Reservas: reservas@arsap.com.do Mantenimiento: mantenimiento@arsap.com.do Ll\u00e1manos 809 826 4080\" \/>\n<meta property=\"og:url\" content=\"https:\/\/arsap.com.do\/en\/contacto\/\" \/>\n<meta property=\"og:site_name\" content=\"ARSAP\" \/>\n<meta property=\"article:modified_time\" content=\"2024-10-10T13:38:54+00:00\" \/>\n<meta property=\"og:image\" content=\"https:\/\/arsap.com.do\/wp-content\/uploads\/red-helo.webp\" \/>\n\t<meta property=\"og:image:width\" content=\"110\" \/>\n\t<meta property=\"og:image:height\" content=\"69\" \/>\n\t<meta property=\"og:image:type\" content=\"image\/webp\" \/>\n<meta name=\"twitter:card\" content=\"summary_large_image\" \/>\n<meta name=\"twitter:label1\" content=\"Est. reading time\" \/>\n\t<meta name=\"twitter:data1\" content=\"1 minute\" \/>\n<script type=\"application\/ld+json\" class=\"yoast-schema-graph\">{\"@context\":\"https:\/\/schema.org\",\"@graph\":[{\"@type\":\"WebPage\",\"@id\":\"https:\/\/arsap.com.do\/contacto\/\",\"url\":\"https:\/\/arsap.com.do\/contacto\/\",\"name\":\"Cont\u00e1ctenos - ARSAP\",\"isPartOf\":{\"@id\":\"https:\/\/arsap.com.do\/#website\"},\"primaryImageOfPage\":{\"@id\":\"https:\/\/arsap.com.do\/contacto\/#primaryimage\"},\"image\":{\"@id\":\"https:\/\/arsap.com.do\/contacto\/#primaryimage\"},\"thumbnailUrl\":\"https:\/\/arsap.com.do\/wp-content\/uploads\/red-helo.webp\",\"datePublished\":\"2023-08-14T19:10:30+00:00\",\"dateModified\":\"2024-10-10T13:38:54+00:00\",\"inLanguage\":\"en-US\",\"potentialAction\":[{\"@type\":\"ReadAction\",\"target\":[\"https:\/\/arsap.com.do\/contacto\/\"]}]},{\"@type\":\"ImageObject\",\"inLanguage\":\"en-US\",\"@id\":\"https:\/\/arsap.com.do\/contacto\/#primaryimage\",\"url\":\"https:\/\/arsap.com.do\/wp-content\/uploads\/red-helo.webp\",\"contentUrl\":\"https:\/\/arsap.com.do\/wp-content\/uploads\/red-helo.webp\"},{\"@type\":\"WebSite\",\"@id\":\"https:\/\/arsap.com.do\/#website\",\"url\":\"https:\/\/arsap.com.do\/\",\"name\":\"ARSAP\",\"description\":\"Renta y mantenimiento de helic\u00f3pteros\",\"publisher\":{\"@id\":\"https:\/\/arsap.com.do\/#organization\"},\"potentialAction\":[{\"@type\":\"SearchAction\",\"target\":{\"@type\":\"EntryPoint\",\"urlTemplate\":\"https:\/\/arsap.com.do\/?s={search_term_string}\"},\"query-input\":{\"@type\":\"PropertyValueSpecification\",\"valueRequired\":true,\"valueName\":\"search_term_string\"}}],\"inLanguage\":\"en-US\"},{\"@type\":\"Organization\",\"@id\":\"https:\/\/arsap.com.do\/#organization\",\"name\":\"ARSAP\",\"url\":\"https:\/\/arsap.com.do\/\",\"logo\":{\"@type\":\"ImageObject\",\"inLanguage\":\"en-US\",\"@id\":\"https:\/\/arsap.com.do\/#\/schema\/logo\/image\/\",\"url\":\"https:\/\/arsap.com.do\/wp-content\/uploads\/logo.webp\",\"contentUrl\":\"https:\/\/arsap.com.do\/wp-content\/uploads\/logo.webp\",\"width\":174,\"height\":46,\"caption\":\"ARSAP\"},\"image\":{\"@id\":\"https:\/\/arsap.com.do\/#\/schema\/logo\/image\/\"}}]}<\/script>\n<!-- \/ Yoast SEO plugin. -->","yoast_head_json":{"title":"Contact Us - ARSAP","robots":{"index":"index","follow":"follow","max-snippet":"max-snippet:-1","max-image-preview":"max-image-preview:large","max-video-preview":"max-video-preview:-1"},"canonical":"https:\/\/arsap.com.do\/en\/contacto\/","og_locale":"en_US","og_type":"article","og_title":"Cont\u00e1ctenos - ARSAP","og_description":"Cont\u00e1ctanos A tu servicio Con\u00e9ctate con nosotros Nosotros Libertad y el lujo en cada elevaci\u00f3n con nuestro servicio de alquiler de helic\u00f3pteros Escr\u00edbenos Reservas: reservas@arsap.com.do Mantenimiento: mantenimiento@arsap.com.do Ll\u00e1manos 809 826 4080","og_url":"https:\/\/arsap.com.do\/en\/contacto\/","og_site_name":"ARSAP","article_modified_time":"2024-10-10T13:38:54+00:00","og_image":[{"width":110,"height":69,"url":"https:\/\/arsap.com.do\/wp-content\/uploads\/red-helo.webp","type":"image\/webp"}],"twitter_card":"summary_large_image","twitter_misc":{"Est. reading time":"1 minute"},"schema":{"@context":"https:\/\/schema.org","@graph":[{"@type":"WebPage","@id":"https:\/\/arsap.com.do\/contacto\/","url":"https:\/\/arsap.com.do\/contacto\/","name":"Contact Us - ARSAP","isPartOf":{"@id":"https:\/\/arsap.com.do\/#website"},"primaryImageOfPage":{"@id":"https:\/\/arsap.com.do\/contacto\/#primaryimage"},"image":{"@id":"https:\/\/arsap.com.do\/contacto\/#primaryimage"},"thumbnailUrl":"https:\/\/arsap.com.do\/wp-content\/uploads\/red-helo.webp","datePublished":"2023-08-14T19:10:30+00:00","dateModified":"2024-10-10T13:38:54+00:00","inLanguage":"en-US","potentialAction":[{"@type":"ReadAction","target":["https:\/\/arsap.com.do\/contacto\/"]}]},{"@type":"ImageObject","inLanguage":"en-US","@id":"https:\/\/arsap.com.do\/contacto\/#primaryimage","url":"https:\/\/arsap.com.do\/wp-content\/uploads\/red-helo.webp","contentUrl":"https:\/\/arsap.com.do\/wp-content\/uploads\/red-helo.webp"},{"@type":"WebSite","@id":"https:\/\/arsap.com.do\/#website","url":"https:\/\/arsap.com.do\/","name":"ARSAP","description":"Renta y mantenimiento de helic\u00f3pteros","publisher":{"@id":"https:\/\/arsap.com.do\/#organization"},"potentialAction":[{"@type":"SearchAction","target":{"@type":"EntryPoint","urlTemplate":"https:\/\/arsap.com.do\/?s={search_term_string}"},"query-input":{"@type":"PropertyValueSpecification","valueRequired":true,"valueName":"search_term_string"}}],"inLanguage":"en-US"},{"@type":"Organization","@id":"https:\/\/arsap.com.do\/#organization","name":"ARSAP","url":"https:\/\/arsap.com.do\/","logo":{"@type":"ImageObject","inLanguage":"en-US","@id":"https:\/\/arsap.com.do\/#\/schema\/logo\/image\/","url":"https:\/\/arsap.com.do\/wp-content\/uploads\/logo.webp","contentUrl":"https:\/\/arsap.com.do\/wp-content\/uploads\/logo.webp","width":174,"height":46,"caption":"ARSAP"},"image":{"@id":"https:\/\/arsap.com.do\/#\/schema\/logo\/image\/"}}]}},"_links":{"self":[{"href":"https:\/\/arsap.com.do\/en\/wp-json\/wp\/v2\/pages\/890"}],"collection":[{"href":"https:\/\/arsap.com.do\/en\/wp-json\/wp\/v2\/pages"}],"about":[{"href":"https:\/\/arsap.com.do\/en\/wp-json\/wp\/v2\/types\/page"}],"author":[{"embeddable":true,"href":"https:\/\/arsap.com.do\/en\/wp-json\/wp\/v2\/users\/2"}],"replies":[{"embeddable":true,"href":"https:\/\/arsap.com.do\/en\/wp-json\/wp\/v2\/comments?post=890"}],"version-history":[{"count":74,"href":"https:\/\/arsap.com.do\/en\/wp-json\/wp\/v2\/pages\/890\/revisions"}],"predecessor-version":[{"id":111530,"href":"https:\/\/arsap.com.do\/en\/wp-json\/wp\/v2\/pages\/890\/revisions\/111530"}],"wp:attachment":[{"href":"https:\/\/arsap.com.do\/en\/wp-json\/wp\/v2\/media?parent=890"}],"curies":[{"name":"wp","href":"https:\/\/api.w.org\/{rel}","templated":true}]}}