{"id":1552,"date":"2023-11-29T23:10:04","date_gmt":"2023-11-29T23:10:04","guid":{"rendered":"https:\/\/arsap.com.do\/?page_id=1552"},"modified":"2023-11-30T19:02:23","modified_gmt":"2023-11-30T19:02:23","slug":"terminos-condiciones","status":"publish","type":"page","link":"https:\/\/arsap.com.do\/en\/terminos-condiciones\/","title":{"rendered":"Terms and Conditions"},"content":{"rendered":"<div data-elementor-type=\"wp-page\" data-elementor-id=\"1552\" class=\"elementor elementor-1552\" data-elementor-post-type=\"page\">\n\t\t\t\t<div class=\"elementor-element elementor-element-6f4bfaa e-flex e-con-boxed e-con e-parent\" data-id=\"6f4bfaa\" data-element_type=\"container\" data-e-type=\"container\">\n\t\t\t\t\t<div class=\"e-con-inner\">\n\t\t\t\t<div class=\"elementor-element elementor-element-771286d elementor-widget elementor-widget-heading\" data-id=\"771286d\" data-element_type=\"widget\" data-e-type=\"widget\" data-widget_type=\"heading.default\">\n\t\t\t\t<div class=\"elementor-widget-container\">\n\t\t\t\t\t<h2 class=\"elementor-heading-title elementor-size-default\">Terms and Conditions<\/h2>\t\t\t\t<\/div>\n\t\t\t\t<\/div>\n\t\t\t\t\t<\/div>\n\t\t\t\t<\/div>\n\t\t<div class=\"elementor-element elementor-element-ca5de28 e-flex e-con-boxed e-con e-parent\" data-id=\"ca5de28\" data-element_type=\"container\" data-e-type=\"container\">\n\t\t\t\t\t<div class=\"e-con-inner\">\n\t\t\t\t<div class=\"elementor-element elementor-element-fb2f8e0 elementor-widget elementor-widget-text-editor\" data-id=\"fb2f8e0\" data-element_type=\"widget\" data-e-type=\"widget\" data-widget_type=\"text-editor.default\">\n\t\t\t\t<div class=\"elementor-widget-container\">\n\t\t\t\t\t\t\t\t\t<p><strong>1. Introduction<\/strong><\/p><p>Welcome to AIR ROTOR SERVICE A&amp;P. These terms and conditions govern the use of our website and related services. By accessing and using our service, you agree to comply with and be bound by these terms and conditions.<\/p><p><strong>2. Acceptable Use<\/strong><\/p><p>You agree to use our service ethically and legally. You must not violate any applicable laws or infringe on the rights of third parties when using our services.<\/p><p><strong>3. Privacy<\/strong><\/p><p>Our privacy policy describes how we collect, use, and share the information we gather from users. By using our service, you agree to our <a href=\"https:\/\/arsap.com.do\/en\/politica-privacidad\/\">privacy policy<\/a>.<\/p><p><strong>4. Intellectual Property<\/strong><\/p><p>The intellectual property rights to the content provided through our service belong to AIR ROTOR SERVICE A&amp;P or its licensors. You may not copy, reproduce, modify, distribute, or engage in any other activity that infringes on these rights.<\/p><p><strong>5. Limitation of Liability<\/strong><\/p><p>We are not responsible for any direct, indirect, incidental, special, or consequential damages resulting from the use of our service or the inability to use it.<\/p><p><strong>6. Applicable Law<\/strong><\/p><p>These terms and conditions are governed by the laws of the Dominican Republic, and any dispute arising in connection with these terms and conditions shall be subject to the exclusive jurisdiction of the courts of Santo Domingo.<\/p>\t\t\t\t\t\t\t\t<\/div>\n\t\t\t\t<\/div>\n\t\t\t\t\t<\/div>\n\t\t\t\t<\/div>\n\t\t\t\t<\/div>","protected":false},"excerpt":{"rendered":"<p>T\u00e9rminos y Condiciones 1. Introducci\u00f3n Bienvenido a AIR ROTOR SERVICE A&amp;P. Estos t\u00e9rminos y condiciones rigen el uso de nuestro sitio web y servicios relacionados. Al acceder y utilizar nuestro servicio, aceptas cumplir y estar sujeto a estos t\u00e9rminos y condiciones. 2. Uso Aceptable Est\u00e1s de acuerdo en utilizar nuestro servicio de manera \u00e9tica y [&hellip;]<\/p>\n","protected":false},"author":2,"featured_media":0,"parent":0,"menu_order":0,"comment_status":"closed","ping_status":"closed","template":"","meta":{"_acf_changed":false,"site-sidebar-layout":"no-sidebar","site-content-layout":"page-builder","ast-site-content-layout":"full-width-container","site-content-style":"default","site-sidebar-style":"default","ast-global-header-display":"","ast-banner-title-visibility":"","ast-main-header-display":"","ast-hfb-above-header-display":"","ast-hfb-below-header-display":"","ast-hfb-mobile-header-display":"","site-post-title":"disabled","ast-breadcrumbs-content":"","ast-featured-img":"disabled","footer-sml-layout":"","theme-transparent-header-meta":"","adv-header-id-meta":"","stick-header-meta":"","header-above-stick-meta":"","header-main-stick-meta":"","header-below-stick-meta":"","astra-migrate-meta-layouts":"default","ast-page-background-enabled":"default","ast-page-background-meta":{"desktop":{"background-color":"","background-image":"","background-repeat":"repeat","background-position":"center center","background-size":"auto","background-attachment":"scroll","background-type":"","background-media":"","overlay-type":"","overlay-color":"","overlay-opacity":"","overlay-gradient":""},"tablet":{"background-color":"","background-image":"","background-repeat":"repeat","background-position":"center center","background-size":"auto","background-attachment":"scroll","background-type":"","background-media":"","overlay-type":"","overlay-color":"","overlay-opacity":"","overlay-gradient":""},"mobile":{"background-color":"","background-image":"","background-repeat":"repeat","background-position":"center center","background-size":"auto","background-attachment":"scroll","background-type":"","background-media":"","overlay-type":"","overlay-color":"","overlay-opacity":"","overlay-gradient":""}},"ast-content-background-meta":{"desktop":{"background-color":"var(--ast-global-color-5)","background-image":"","background-repeat":"repeat","background-position":"center center","background-size":"auto","background-attachment":"scroll","background-type":"","background-media":"","overlay-type":"","overlay-color":"","overlay-opacity":"","overlay-gradient":""},"tablet":{"background-color":"var(--ast-global-color-5)","background-image":"","background-repeat":"repeat","background-position":"center center","background-size":"auto","background-attachment":"scroll","background-type":"","background-media":"","overlay-type":"","overlay-color":"","overlay-opacity":"","overlay-gradient":""},"mobile":{"background-color":"var(--ast-global-color-5)","background-image":"","background-repeat":"repeat","background-position":"center center","background-size":"auto","background-attachment":"scroll","background-type":"","background-media":"","overlay-type":"","overlay-color":"","overlay-opacity":"","overlay-gradient":""}},"footnotes":""},"class_list":["post-1552","page","type-page","status-publish","hentry"],"acf":[],"yoast_head":"<!-- This site is optimized with the Yoast SEO plugin v25.6 - https:\/\/yoast.com\/wordpress\/plugins\/seo\/ -->\n<title>T\u00e9rminos y Condiciones - ARSAP<\/title>\n<meta name=\"robots\" content=\"index, follow, max-snippet:-1, max-image-preview:large, max-video-preview:-1\" \/>\n<link rel=\"canonical\" href=\"https:\/\/arsap.com.do\/en\/terminos-condiciones\/\" \/>\n<meta property=\"og:locale\" content=\"en_US\" \/>\n<meta property=\"og:type\" content=\"article\" \/>\n<meta property=\"og:title\" content=\"T\u00e9rminos y Condiciones - ARSAP\" \/>\n<meta property=\"og:description\" content=\"T\u00e9rminos y Condiciones 1. Introducci\u00f3n Bienvenido a AIR ROTOR SERVICE A&amp;P. Estos t\u00e9rminos y condiciones rigen el uso de nuestro sitio web y servicios relacionados. Al acceder y utilizar nuestro servicio, aceptas cumplir y estar sujeto a estos t\u00e9rminos y condiciones. 2. Uso Aceptable Est\u00e1s de acuerdo en utilizar nuestro servicio de manera \u00e9tica y [&hellip;]\" \/>\n<meta property=\"og:url\" content=\"https:\/\/arsap.com.do\/en\/terminos-condiciones\/\" \/>\n<meta property=\"og:site_name\" content=\"ARSAP\" \/>\n<meta property=\"article:modified_time\" content=\"2023-11-30T19:02:23+00:00\" \/>\n<meta name=\"twitter:card\" content=\"summary_large_image\" \/>\n<meta name=\"twitter:label1\" content=\"Est. reading time\" \/>\n\t<meta name=\"twitter:data1\" content=\"1 minute\" \/>\n<script type=\"application\/ld+json\" class=\"yoast-schema-graph\">{\"@context\":\"https:\/\/schema.org\",\"@graph\":[{\"@type\":\"WebPage\",\"@id\":\"https:\/\/arsap.com.do\/terminos-condiciones\/\",\"url\":\"https:\/\/arsap.com.do\/terminos-condiciones\/\",\"name\":\"T\u00e9rminos y Condiciones - ARSAP\",\"isPartOf\":{\"@id\":\"https:\/\/arsap.com.do\/#website\"},\"datePublished\":\"2023-11-29T23:10:04+00:00\",\"dateModified\":\"2023-11-30T19:02:23+00:00\",\"inLanguage\":\"en-US\",\"potentialAction\":[{\"@type\":\"ReadAction\",\"target\":[\"https:\/\/arsap.com.do\/terminos-condiciones\/\"]}]},{\"@type\":\"WebSite\",\"@id\":\"https:\/\/arsap.com.do\/#website\",\"url\":\"https:\/\/arsap.com.do\/\",\"name\":\"ARSAP\",\"description\":\"Renta y mantenimiento de helic\u00f3pteros\",\"publisher\":{\"@id\":\"https:\/\/arsap.com.do\/#organization\"},\"potentialAction\":[{\"@type\":\"SearchAction\",\"target\":{\"@type\":\"EntryPoint\",\"urlTemplate\":\"https:\/\/arsap.com.do\/?s={search_term_string}\"},\"query-input\":{\"@type\":\"PropertyValueSpecification\",\"valueRequired\":true,\"valueName\":\"search_term_string\"}}],\"inLanguage\":\"en-US\"},{\"@type\":\"Organization\",\"@id\":\"https:\/\/arsap.com.do\/#organization\",\"name\":\"ARSAP\",\"url\":\"https:\/\/arsap.com.do\/\",\"logo\":{\"@type\":\"ImageObject\",\"inLanguage\":\"en-US\",\"@id\":\"https:\/\/arsap.com.do\/#\/schema\/logo\/image\/\",\"url\":\"https:\/\/arsap.com.do\/wp-content\/uploads\/logo.webp\",\"contentUrl\":\"https:\/\/arsap.com.do\/wp-content\/uploads\/logo.webp\",\"width\":174,\"height\":46,\"caption\":\"ARSAP\"},\"image\":{\"@id\":\"https:\/\/arsap.com.do\/#\/schema\/logo\/image\/\"}}]}<\/script>\n<!-- \/ Yoast SEO plugin. -->","yoast_head_json":{"title":"Terms and Conditions - ARSAP","robots":{"index":"index","follow":"follow","max-snippet":"max-snippet:-1","max-image-preview":"max-image-preview:large","max-video-preview":"max-video-preview:-1"},"canonical":"https:\/\/arsap.com.do\/en\/terminos-condiciones\/","og_locale":"en_US","og_type":"article","og_title":"T\u00e9rminos y Condiciones - ARSAP","og_description":"T\u00e9rminos y Condiciones 1. Introducci\u00f3n Bienvenido a AIR ROTOR SERVICE A&amp;P. Estos t\u00e9rminos y condiciones rigen el uso de nuestro sitio web y servicios relacionados. Al acceder y utilizar nuestro servicio, aceptas cumplir y estar sujeto a estos t\u00e9rminos y condiciones. 2. Uso Aceptable Est\u00e1s de acuerdo en utilizar nuestro servicio de manera \u00e9tica y [&hellip;]","og_url":"https:\/\/arsap.com.do\/en\/terminos-condiciones\/","og_site_name":"ARSAP","article_modified_time":"2023-11-30T19:02:23+00:00","twitter_card":"summary_large_image","twitter_misc":{"Est. reading time":"1 minute"},"schema":{"@context":"https:\/\/schema.org","@graph":[{"@type":"WebPage","@id":"https:\/\/arsap.com.do\/terminos-condiciones\/","url":"https:\/\/arsap.com.do\/terminos-condiciones\/","name":"Terms and Conditions - ARSAP","isPartOf":{"@id":"https:\/\/arsap.com.do\/#website"},"datePublished":"2023-11-29T23:10:04+00:00","dateModified":"2023-11-30T19:02:23+00:00","inLanguage":"en-US","potentialAction":[{"@type":"ReadAction","target":["https:\/\/arsap.com.do\/terminos-condiciones\/"]}]},{"@type":"WebSite","@id":"https:\/\/arsap.com.do\/#website","url":"https:\/\/arsap.com.do\/","name":"ARSAP","description":"Renta y mantenimiento de helic\u00f3pteros","publisher":{"@id":"https:\/\/arsap.com.do\/#organization"},"potentialAction":[{"@type":"SearchAction","target":{"@type":"EntryPoint","urlTemplate":"https:\/\/arsap.com.do\/?s={search_term_string}"},"query-input":{"@type":"PropertyValueSpecification","valueRequired":true,"valueName":"search_term_string"}}],"inLanguage":"en-US"},{"@type":"Organization","@id":"https:\/\/arsap.com.do\/#organization","name":"ARSAP","url":"https:\/\/arsap.com.do\/","logo":{"@type":"ImageObject","inLanguage":"en-US","@id":"https:\/\/arsap.com.do\/#\/schema\/logo\/image\/","url":"https:\/\/arsap.com.do\/wp-content\/uploads\/logo.webp","contentUrl":"https:\/\/arsap.com.do\/wp-content\/uploads\/logo.webp","width":174,"height":46,"caption":"ARSAP"},"image":{"@id":"https:\/\/arsap.com.do\/#\/schema\/logo\/image\/"}}]}},"_links":{"self":[{"href":"https:\/\/arsap.com.do\/en\/wp-json\/wp\/v2\/pages\/1552"}],"collection":[{"href":"https:\/\/arsap.com.do\/en\/wp-json\/wp\/v2\/pages"}],"about":[{"href":"https:\/\/arsap.com.do\/en\/wp-json\/wp\/v2\/types\/page"}],"author":[{"embeddable":true,"href":"https:\/\/arsap.com.do\/en\/wp-json\/wp\/v2\/users\/2"}],"replies":[{"embeddable":true,"href":"https:\/\/arsap.com.do\/en\/wp-json\/wp\/v2\/comments?post=1552"}],"version-history":[{"count":7,"href":"https:\/\/arsap.com.do\/en\/wp-json\/wp\/v2\/pages\/1552\/revisions"}],"predecessor-version":[{"id":1585,"href":"https:\/\/arsap.com.do\/en\/wp-json\/wp\/v2\/pages\/1552\/revisions\/1585"}],"wp:attachment":[{"href":"https:\/\/arsap.com.do\/en\/wp-json\/wp\/v2\/media?parent=1552"}],"curies":[{"name":"wp","href":"https:\/\/api.w.org\/{rel}","templated":true}]}}