{"id":1335,"date":"2023-11-11T01:59:23","date_gmt":"2023-11-11T01:59:23","guid":{"rendered":"https:\/\/arsap.com.do\/?page_id=1335"},"modified":"2023-11-29T23:09:52","modified_gmt":"2023-11-29T23:09:52","slug":"politica-privacidad","status":"publish","type":"page","link":"https:\/\/arsap.com.do\/en\/politica-privacidad\/","title":{"rendered":"Privacy Policy"},"content":{"rendered":"\t\t<div data-elementor-type=\"wp-page\" data-elementor-id=\"1335\" class=\"elementor elementor-1335\" data-elementor-post-type=\"page\">\n\t\t\t\t<div class=\"elementor-element elementor-element-6f4bfaa e-flex e-con-boxed e-con e-parent\" data-id=\"6f4bfaa\" data-element_type=\"container\" data-e-type=\"container\">\n\t\t\t\t\t<div class=\"e-con-inner\">\n\t\t\t\t<div class=\"elementor-element elementor-element-771286d elementor-widget elementor-widget-heading\" data-id=\"771286d\" data-element_type=\"widget\" data-e-type=\"widget\" data-widget_type=\"heading.default\">\n\t\t\t\t<div class=\"elementor-widget-container\">\n\t\t\t\t\t<h2 class=\"elementor-heading-title elementor-size-default\">Pol\u00edtica de Privacidad<\/h2>\t\t\t\t<\/div>\n\t\t\t\t<\/div>\n\t\t\t\t\t<\/div>\n\t\t\t\t<\/div>\n\t\t<div class=\"elementor-element elementor-element-ca5de28 e-flex e-con-boxed e-con e-parent\" data-id=\"ca5de28\" data-element_type=\"container\" data-e-type=\"container\">\n\t\t\t\t\t<div class=\"e-con-inner\">\n\t\t\t\t<div class=\"elementor-element elementor-element-fb2f8e0 elementor-widget elementor-widget-text-editor\" data-id=\"fb2f8e0\" data-element_type=\"widget\" data-e-type=\"widget\" data-widget_type=\"text-editor.default\">\n\t\t\t\t<div class=\"elementor-widget-container\">\n\t\t\t\t\t\t\t\t\t<div class=\"flex-1 overflow-hidden\"><div class=\"react-scroll-to-bottom--css-ziobo-79elbk h-full\"><div class=\"react-scroll-to-bottom--css-ziobo-1n7m0yu\"><div class=\"flex flex-col text-sm gizmo:pb-9 dark:bg-gray-800 gizmo:dark:bg-transparent\"><div class=\"w-full text-token-text-primary border-b border-black\/10 gizmo:border-0 dark:border-gray-900\/50 gizmo:dark:border-0 bg-gray-50 gizmo:bg-transparent dark:bg-[#444654] gizmo:dark:bg-transparent\" data-testid=\"conversation-turn-7\"><div class=\"p-4 gizmo:py-2 justify-center text-base md:gap-6 md:py-6 m-auto\"><div class=\"flex flex-1 gap-4 text-base mx-auto md:gap-6 gizmo:gap-3 gizmo:md:px-5 gizmo:lg:px-1 gizmo:xl:px-5 md:max-w-2xl lg:max-w-[38rem] gizmo:md:max-w-3xl gizmo:lg:max-w-[40rem] gizmo:xl:max-w-[48rem] xl:max-w-3xl } group final-completion\"><div class=\"relative flex w-[calc(100%-50px)] flex-col gizmo:w-full lg:w-[calc(100%-115px)] agent-turn\"><div class=\"flex-col gap-1 md:gap-3\"><div class=\"flex flex-grow flex-col max-w-full gap-3 gizmo:gap-0\"><div class=\"min-h-[20px] text-message flex flex-col items-start gap-3 whitespace-pre-wrap break-words [.text-message+&amp;]:mt-5 overflow-x-auto\" data-message-author-role=\"assistant\" data-message-id=\"39f4b781-d583-4e36-9912-948496bab807\"><div class=\"markdown prose w-full break-words dark:prose-invert light\"><p><strong>Pol\u00edtica de Privacidad de AIR ROTOR SERVICE A&amp;P<\/strong><\/p><p>AIR ROTOR SERVICE A&amp;P (\u00abnosotros\u00bb, \u00abnuestro\u00bb o \u00abnos\u00bb) se compromete a proteger y respetar tu privacidad. Esta pol\u00edtica describe c\u00f3mo recopilamos, utilizamos y protegemos la informaci\u00f3n personal que nos proporcionas.<\/p><p><strong>1. Informaci\u00f3n que Recopilamos<\/strong><\/p><p>Recopilamos informaci\u00f3n que nos proporcionas directamente, como tu nombre, direcci\u00f3n de correo electr\u00f3nico y cualquier otra informaci\u00f3n que elijas compartir cuando utilizas nuestro sitio web o servicios.<\/p><p><strong>2. Uso de la Informaci\u00f3n<\/strong><\/p><p>Utilizamos la informaci\u00f3n que recopilamos para brindarte nuestros servicios, procesar transacciones, mejorar la calidad de nuestros servicios y comunicarnos contigo sobre actualizaciones y novedades.<\/p><p><strong>3. Compartir Informaci\u00f3n con Terceros<\/strong><\/p><p>No compartimos tu informaci\u00f3n personal con terceros, excepto cuando sea necesario para brindarte nuestros servicios o cumplir con requisitos legales.<\/p><p><strong>4. Cookies y Tecnolog\u00edas Similares<\/strong><\/p><p>Utilizamos cookies y tecnolog\u00edas similares para mejorar tu experiencia en nuestro sitio web y recopilar informaci\u00f3n sobre el uso del mismo. Puedes gestionar las preferencias de cookies a trav\u00e9s de la configuraci\u00f3n de tu navegador.<\/p><p><strong>5. Seguridad de la Informaci\u00f3n<\/strong><\/p><p>Tomamos medidas razonables para proteger tu informaci\u00f3n personal contra p\u00e9rdida, robo y acceso no autorizado. Sin embargo, ninguna transmisi\u00f3n de datos por internet o almacenamiento electr\u00f3nico es completamente segura, y no podemos garantizar la seguridad absoluta de la informaci\u00f3n.<\/p><p><strong>6. Acceso y Control de tu Informaci\u00f3n Personal<\/strong><\/p><p>Tienes derecho a acceder, corregir y eliminar la informaci\u00f3n personal que almacenamos sobre ti. Puedes ejercer estos derechos poni\u00e9ndote en contacto con nosotros a trav\u00e9s de [correo electr\u00f3nico de contacto].<\/p><p><strong>7. Cambios en la Pol\u00edtica de Privacidad<\/strong><\/p><p>Nos reservamos el derecho de actualizar esta pol\u00edtica de privacidad en cualquier momento. Cualquier cambio significativo se comunicar\u00e1 a trav\u00e9s de nuestro sitio web o por otros medios que consideremos apropiados.<\/p><p><strong>8. Contacto<\/strong><\/p><p>Si tienes preguntas o inquietudes sobre esta pol\u00edtica de privacidad, ponte en contacto con nosotros a trav\u00e9s de info@arsap.com.do.<\/p><p>Al utilizar nuestros servicios, aceptas los t\u00e9rminos de esta pol\u00edtica de privacidad. Te recomendamos revisar peri\u00f3dicamente esta pol\u00edtica para estar al tanto de cualquier cambio.<\/p><\/div><\/div><\/div><\/div><\/div><\/div><\/div><\/div><\/div><\/div><\/div><\/div><div class=\"w-full pt-2 md:pt-0 border-t md:border-t-0 gizmo:border-t-0 dark:border-white\/20 md:border-transparent md:dark:border-transparent md:pl-2 gizmo:pl-0 gizmo:md:pl-0 md:w-[calc(100%-.5rem)]\"><form class=\"stretch mx-2 flex flex-row gap-3 last:mb-2 md:mx-4 md:last:mb-6 lg:mx-auto lg:max-w-2xl xl:max-w-3xl\"><div class=\"relative flex h-full flex-1 items-stretch md:flex-col\"><div class=\"flex w-full items-center\">\u00a0<\/div><\/div><\/form><\/div>\t\t\t\t\t\t\t\t<\/div>\n\t\t\t\t<\/div>\n\t\t\t\t\t<\/div>\n\t\t\t\t<\/div>\n\t\t\t\t<\/div>\n\t\t","protected":false},"excerpt":{"rendered":"<p>Pol\u00edtica de Privacidad Pol\u00edtica de Privacidad de AIR ROTOR SERVICE A&amp;P AIR ROTOR SERVICE A&amp;P (\u00abnosotros\u00bb, \u00abnuestro\u00bb o \u00abnos\u00bb) se compromete a proteger y respetar tu privacidad. Esta pol\u00edtica describe c\u00f3mo recopilamos, utilizamos y protegemos la informaci\u00f3n personal que nos proporcionas. 1. Informaci\u00f3n que Recopilamos Recopilamos informaci\u00f3n que nos proporcionas directamente, como tu nombre, direcci\u00f3n [&hellip;]<\/p>\n","protected":false},"author":2,"featured_media":0,"parent":0,"menu_order":0,"comment_status":"closed","ping_status":"closed","template":"","meta":{"_acf_changed":false,"site-sidebar-layout":"no-sidebar","site-content-layout":"page-builder","ast-site-content-layout":"full-width-container","site-content-style":"default","site-sidebar-style":"default","ast-global-header-display":"","ast-banner-title-visibility":"","ast-main-header-display":"","ast-hfb-above-header-display":"","ast-hfb-below-header-display":"","ast-hfb-mobile-header-display":"","site-post-title":"disabled","ast-breadcrumbs-content":"","ast-featured-img":"disabled","footer-sml-layout":"","theme-transparent-header-meta":"","adv-header-id-meta":"","stick-header-meta":"","header-above-stick-meta":"","header-main-stick-meta":"","header-below-stick-meta":"","astra-migrate-meta-layouts":"default","ast-page-background-enabled":"default","ast-page-background-meta":{"desktop":{"background-color":"","background-image":"","background-repeat":"repeat","background-position":"center center","background-size":"auto","background-attachment":"scroll","background-type":"","background-media":"","overlay-type":"","overlay-color":"","overlay-opacity":"","overlay-gradient":""},"tablet":{"background-color":"","background-image":"","background-repeat":"repeat","background-position":"center center","background-size":"auto","background-attachment":"scroll","background-type":"","background-media":"","overlay-type":"","overlay-color":"","overlay-opacity":"","overlay-gradient":""},"mobile":{"background-color":"","background-image":"","background-repeat":"repeat","background-position":"center center","background-size":"auto","background-attachment":"scroll","background-type":"","background-media":"","overlay-type":"","overlay-color":"","overlay-opacity":"","overlay-gradient":""}},"ast-content-background-meta":{"desktop":{"background-color":"var(--ast-global-color-5)","background-image":"","background-repeat":"repeat","background-position":"center center","background-size":"auto","background-attachment":"scroll","background-type":"","background-media":"","overlay-type":"","overlay-color":"","overlay-opacity":"","overlay-gradient":""},"tablet":{"background-color":"var(--ast-global-color-5)","background-image":"","background-repeat":"repeat","background-position":"center center","background-size":"auto","background-attachment":"scroll","background-type":"","background-media":"","overlay-type":"","overlay-color":"","overlay-opacity":"","overlay-gradient":""},"mobile":{"background-color":"var(--ast-global-color-5)","background-image":"","background-repeat":"repeat","background-position":"center center","background-size":"auto","background-attachment":"scroll","background-type":"","background-media":"","overlay-type":"","overlay-color":"","overlay-opacity":"","overlay-gradient":""}},"footnotes":""},"class_list":["post-1335","page","type-page","status-publish","hentry"],"acf":[],"yoast_head":"<!-- This site is optimized with the Yoast SEO plugin v25.6 - https:\/\/yoast.com\/wordpress\/plugins\/seo\/ -->\n<title>Pol\u00edtica de Privacidad - ARSAP<\/title>\n<meta name=\"robots\" content=\"index, follow, max-snippet:-1, max-image-preview:large, max-video-preview:-1\" \/>\n<link rel=\"canonical\" href=\"https:\/\/arsap.com.do\/en\/politica-privacidad\/\" \/>\n<meta property=\"og:locale\" content=\"en_US\" \/>\n<meta property=\"og:type\" content=\"article\" \/>\n<meta property=\"og:title\" content=\"Pol\u00edtica de Privacidad - ARSAP\" \/>\n<meta property=\"og:description\" content=\"Pol\u00edtica de Privacidad Pol\u00edtica de Privacidad de AIR ROTOR SERVICE A&amp;P AIR ROTOR SERVICE A&amp;P (\u00abnosotros\u00bb, \u00abnuestro\u00bb o \u00abnos\u00bb) se compromete a proteger y respetar tu privacidad. Esta pol\u00edtica describe c\u00f3mo recopilamos, utilizamos y protegemos la informaci\u00f3n personal que nos proporcionas. 1. Informaci\u00f3n que Recopilamos Recopilamos informaci\u00f3n que nos proporcionas directamente, como tu nombre, direcci\u00f3n [&hellip;]\" \/>\n<meta property=\"og:url\" content=\"https:\/\/arsap.com.do\/en\/politica-privacidad\/\" \/>\n<meta property=\"og:site_name\" content=\"ARSAP\" \/>\n<meta property=\"article:modified_time\" content=\"2023-11-29T23:09:52+00:00\" \/>\n<meta name=\"twitter:card\" content=\"summary_large_image\" \/>\n<meta name=\"twitter:label1\" content=\"Est. reading time\" \/>\n\t<meta name=\"twitter:data1\" content=\"2 minutes\" \/>\n<script type=\"application\/ld+json\" class=\"yoast-schema-graph\">{\"@context\":\"https:\/\/schema.org\",\"@graph\":[{\"@type\":\"WebPage\",\"@id\":\"https:\/\/arsap.com.do\/politica-privacidad\/\",\"url\":\"https:\/\/arsap.com.do\/politica-privacidad\/\",\"name\":\"Pol\u00edtica de Privacidad - ARSAP\",\"isPartOf\":{\"@id\":\"https:\/\/arsap.com.do\/#website\"},\"datePublished\":\"2023-11-11T01:59:23+00:00\",\"dateModified\":\"2023-11-29T23:09:52+00:00\",\"inLanguage\":\"en-US\",\"potentialAction\":[{\"@type\":\"ReadAction\",\"target\":[\"https:\/\/arsap.com.do\/politica-privacidad\/\"]}]},{\"@type\":\"WebSite\",\"@id\":\"https:\/\/arsap.com.do\/#website\",\"url\":\"https:\/\/arsap.com.do\/\",\"name\":\"ARSAP\",\"description\":\"Renta y mantenimiento de helic\u00f3pteros\",\"publisher\":{\"@id\":\"https:\/\/arsap.com.do\/#organization\"},\"potentialAction\":[{\"@type\":\"SearchAction\",\"target\":{\"@type\":\"EntryPoint\",\"urlTemplate\":\"https:\/\/arsap.com.do\/?s={search_term_string}\"},\"query-input\":{\"@type\":\"PropertyValueSpecification\",\"valueRequired\":true,\"valueName\":\"search_term_string\"}}],\"inLanguage\":\"en-US\"},{\"@type\":\"Organization\",\"@id\":\"https:\/\/arsap.com.do\/#organization\",\"name\":\"ARSAP\",\"url\":\"https:\/\/arsap.com.do\/\",\"logo\":{\"@type\":\"ImageObject\",\"inLanguage\":\"en-US\",\"@id\":\"https:\/\/arsap.com.do\/#\/schema\/logo\/image\/\",\"url\":\"https:\/\/arsap.com.do\/wp-content\/uploads\/logo.webp\",\"contentUrl\":\"https:\/\/arsap.com.do\/wp-content\/uploads\/logo.webp\",\"width\":174,\"height\":46,\"caption\":\"ARSAP\"},\"image\":{\"@id\":\"https:\/\/arsap.com.do\/#\/schema\/logo\/image\/\"}}]}<\/script>\n<!-- \/ Yoast SEO plugin. -->","yoast_head_json":{"title":"Pol\u00edtica de Privacidad - ARSAP","robots":{"index":"index","follow":"follow","max-snippet":"max-snippet:-1","max-image-preview":"max-image-preview:large","max-video-preview":"max-video-preview:-1"},"canonical":"https:\/\/arsap.com.do\/en\/politica-privacidad\/","og_locale":"en_US","og_type":"article","og_title":"Pol\u00edtica de Privacidad - ARSAP","og_description":"Pol\u00edtica de Privacidad Pol\u00edtica de Privacidad de AIR ROTOR SERVICE A&amp;P AIR ROTOR SERVICE A&amp;P (\u00abnosotros\u00bb, \u00abnuestro\u00bb o \u00abnos\u00bb) se compromete a proteger y respetar tu privacidad. Esta pol\u00edtica describe c\u00f3mo recopilamos, utilizamos y protegemos la informaci\u00f3n personal que nos proporcionas. 1. Informaci\u00f3n que Recopilamos Recopilamos informaci\u00f3n que nos proporcionas directamente, como tu nombre, direcci\u00f3n [&hellip;]","og_url":"https:\/\/arsap.com.do\/en\/politica-privacidad\/","og_site_name":"ARSAP","article_modified_time":"2023-11-29T23:09:52+00:00","twitter_card":"summary_large_image","twitter_misc":{"Est. reading time":"2 minutes"},"schema":{"@context":"https:\/\/schema.org","@graph":[{"@type":"WebPage","@id":"https:\/\/arsap.com.do\/politica-privacidad\/","url":"https:\/\/arsap.com.do\/politica-privacidad\/","name":"Pol\u00edtica de Privacidad - ARSAP","isPartOf":{"@id":"https:\/\/arsap.com.do\/#website"},"datePublished":"2023-11-11T01:59:23+00:00","dateModified":"2023-11-29T23:09:52+00:00","inLanguage":"en-US","potentialAction":[{"@type":"ReadAction","target":["https:\/\/arsap.com.do\/politica-privacidad\/"]}]},{"@type":"WebSite","@id":"https:\/\/arsap.com.do\/#website","url":"https:\/\/arsap.com.do\/","name":"ARSAP","description":"Renta y mantenimiento de helic\u00f3pteros","publisher":{"@id":"https:\/\/arsap.com.do\/#organization"},"potentialAction":[{"@type":"SearchAction","target":{"@type":"EntryPoint","urlTemplate":"https:\/\/arsap.com.do\/?s={search_term_string}"},"query-input":{"@type":"PropertyValueSpecification","valueRequired":true,"valueName":"search_term_string"}}],"inLanguage":"en-US"},{"@type":"Organization","@id":"https:\/\/arsap.com.do\/#organization","name":"ARSAP","url":"https:\/\/arsap.com.do\/","logo":{"@type":"ImageObject","inLanguage":"en-US","@id":"https:\/\/arsap.com.do\/#\/schema\/logo\/image\/","url":"https:\/\/arsap.com.do\/wp-content\/uploads\/logo.webp","contentUrl":"https:\/\/arsap.com.do\/wp-content\/uploads\/logo.webp","width":174,"height":46,"caption":"ARSAP"},"image":{"@id":"https:\/\/arsap.com.do\/#\/schema\/logo\/image\/"}}]}},"_links":{"self":[{"href":"https:\/\/arsap.com.do\/en\/wp-json\/wp\/v2\/pages\/1335"}],"collection":[{"href":"https:\/\/arsap.com.do\/en\/wp-json\/wp\/v2\/pages"}],"about":[{"href":"https:\/\/arsap.com.do\/en\/wp-json\/wp\/v2\/types\/page"}],"author":[{"embeddable":true,"href":"https:\/\/arsap.com.do\/en\/wp-json\/wp\/v2\/users\/2"}],"replies":[{"embeddable":true,"href":"https:\/\/arsap.com.do\/en\/wp-json\/wp\/v2\/comments?post=1335"}],"version-history":[{"count":14,"href":"https:\/\/arsap.com.do\/en\/wp-json\/wp\/v2\/pages\/1335\/revisions"}],"predecessor-version":[{"id":1564,"href":"https:\/\/arsap.com.do\/en\/wp-json\/wp\/v2\/pages\/1335\/revisions\/1564"}],"wp:attachment":[{"href":"https:\/\/arsap.com.do\/en\/wp-json\/wp\/v2\/media?parent=1335"}],"curies":[{"name":"wp","href":"https:\/\/api.w.org\/{rel}","templated":true}]}}